{"id":9820,"date":"2023-05-01T11:18:45","date_gmt":"2023-05-01T11:18:45","guid":{"rendered":"http:\/\/backup.industryparts.pk\/index.php\/product\/pneumatic-actuator-standard-cylinder-series-iso15552-in-pakistan\/"},"modified":"2023-05-01T11:20:12","modified_gmt":"2023-05-01T11:20:12","slug":"pneumatic-actuator-standard-cylinder-series-iso15552-in-pakistan","status":"publish","type":"product","link":"https:\/\/backup.industryparts.pk\/index.php\/product\/pneumatic-actuator-standard-cylinder-series-iso15552-in-pakistan\/","title":{"rendered":"Pneumatic Actuator Standard Cylinder Series ISO15552 in Pakistan"},"content":{"rendered":"<p><span>Pneumatic cylinders are mechanical devices which use the power of compressed gas to produce a force in a reciprocating linear motion. Like hydraulic cylinders, something forces a piston to move in the desired direction<\/span><\/p>\n<h2>Features:<\/h2>\n<ul>\n<li data-mce-fragment=\"1\">High quality of aluminum tube provides a long service life.<\/li>\n<li data-mce-fragment=\"1\">High quality of seals ensures leakage free.<\/li>\n<li data-mce-fragment=\"1\">Various sensors for option.<\/li>\n<li data-mce-fragment=\"1\">With adjustable cushions on both ends.<\/li>\n<\/ul>\n<h3>Specifications:<\/h3>\n<ul data-mce-fragment=\"1\">\n<li data-mce-fragment=\"1\">\n<strong>Port\u00a0size:<\/strong> \u00d832, \u00d840, \u00d850, \u00d863, \u00d880, \u00d8100, \u00d8125, \u00d8160, \u00d8200<\/li>\n<li data-mce-fragment=\"1\">\n<strong>Fluid:<\/strong> compressed air<\/li>\n<li data-mce-fragment=\"1\">\n<strong>Acting:<\/strong> double acting<\/li>\n<li data-mce-fragment=\"1\">\n<strong>Operating pressure range:<\/strong> 1.5 to 9.5kgf\/cm\u00b2<\/li>\n<li data-mce-fragment=\"1\">\n<strong>Barrel material:<\/strong> aluminum alloy<\/li>\n<li data-mce-fragment=\"1\">\n<strong>Cushion:<\/strong> built-in<\/li>\n<\/ul>\n<p><a href=\"https:\/\/industryparts.pk\" title=\"https:\/\/industryparts.pk\"><strong>Industryparts.pk<\/strong><\/a> is the Best Online Shopping website for Pneumatic Actuator Standard Cylinder Series ISO15552\u00a0in Pakistan. We deliver in Karachi, Lahore, Islamabad, Rawalpindi, Peshawar, Quetta, Multan, and all over Pakistan.<\/p>\n<h4>Package includes:<\/h4>\n<p>\u00a0 \u00a0 1 x\u00a0Pneumatic Actuator Standard Cylinder Series ISO15552<\/p>\n<div style=\"text-align: start;\"><img decoding=\"async\" loading=\"lazy\" style=\"float: none;\" alt=\"Pneumatic Actuator Standard Cylinder Series ISO15552 in Pakistan\" src=\"https:\/\/cdn.shopify.com\/s\/files\/1\/0387\/8082\/9836\/files\/BR7137_1_480x480.jpg?v=1646485212\" width=\"480x480\" height=\"480x480\"><\/div>\n","protected":false},"excerpt":{"rendered":"<p>Pneumatic cylinders are mechanical devices which use the power of compressed gas to produce a force in a reciprocating linear motion. Like hydraulic cylinders, something forces a piston to move in the desired direction Features: High quality of aluminum tube provides a long service life. High quality of seals ensures leakage free. Various sensors for [&hellip;]<\/p>\n","protected":false},"featured_media":11,"comment_status":"open","ping_status":"closed","template":"","meta":[],"product_cat":[36466,36477,36433],"product_tag":[],"_links":{"self":[{"href":"https:\/\/backup.industryparts.pk\/index.php\/wp-json\/wp\/v3\/product\/9820"}],"collection":[{"href":"https:\/\/backup.industryparts.pk\/index.php\/wp-json\/wp\/v3\/product"}],"about":[{"href":"https:\/\/backup.industryparts.pk\/index.php\/wp-json\/wp\/v2\/types\/product"}],"replies":[{"embeddable":true,"href":"https:\/\/backup.industryparts.pk\/index.php\/wp-json\/wp\/v2\/comments?post=9820"}],"wp:featuredmedia":[{"embeddable":true,"href":"https:\/\/backup.industryparts.pk\/index.php\/wp-json\/wp\/v2\/media\/11"}],"wp:attachment":[{"href":"https:\/\/backup.industryparts.pk\/index.php\/wp-json\/wp\/v2\/media?parent=9820"}],"wp:term":[{"taxonomy":"product_cat","embeddable":true,"href":"https:\/\/backup.industryparts.pk\/index.php\/wp-json\/wp\/v2\/product_cat?post=9820"},{"taxonomy":"product_tag","embeddable":true,"href":"https:\/\/backup.industryparts.pk\/index.php\/wp-json\/wp\/v2\/product_tag?post=9820"}],"curies":[{"name":"wp","href":"https:\/\/api.w.org\/{rel}","templated":true}]}}