{"id":9222,"date":"2023-05-01T11:11:18","date_gmt":"2023-05-01T11:11:18","guid":{"rendered":"http:\/\/backup.industryparts.pk\/index.php\/product\/insolation-tester-uni-t-ut512-in-pakistan\/"},"modified":"2023-05-01T11:11:19","modified_gmt":"2023-05-01T11:11:19","slug":"insolation-tester-uni-t-ut512-in-pakistan","status":"publish","type":"product","link":"https:\/\/backup.industryparts.pk\/index.php\/product\/insolation-tester-uni-t-ut512-in-pakistan\/","title":{"rendered":"Insolation Tester UNI-T UT512 in Pakistan"},"content":{"rendered":"<p><span data-mce-fragment=\"1\">UNI-T UT512 is\u00a0<\/span><b data-mce-fragment=\"1\">an insulation tester<\/b><span data-mce-fragment=\"1\">\u00a0that is designed to measure the insulation resistance in the range from 0.5 M\u03a9 to 100 000 M\u03a9 with a test voltage of 500 to 2500 V.<\/span><\/p>\n<h2><span>Features:<\/span><\/h2>\n<ul class=\"i8Z77e\">\n<li class=\"TrT0Xe\">Large 9999 display with 30-segment analog bar graph.<\/li>\n<li class=\"TrT0Xe\">PI\/DAR measurements.<\/li>\n<li class=\"TrT0Xe\">Comparison, upper and lower limit functions.<\/li>\n<li class=\"TrT0Xe\">Continuous measurement mode.<\/li>\n<li class=\"TrT0Xe\">Auto power off.<\/li>\n<li class=\"TrT0Xe\">18-group data storage.<\/li>\n<li class=\"TrT0Xe\">Backlight.<\/li>\n<li class=\"TrT0Xe\">Auto current discharge and high-voltage output alarm.<\/li>\n<\/ul>\n<h3>Specifications:<br \/>\n<\/h3>\n<ul>\n<li>\n<strong>Display:<\/strong>9999 digits LCD, with backlight, 123 \u00d7 58 mm<\/li>\n<li>\n<strong>Insulation resistance measurement:<\/strong>Range 0.5 M\u03a9 ~ 100 G\u03a9<\/li>\n<li>\n<strong>Accuracy<\/strong> \u00b1(3%+5)<\/li>\n<li>\n<strong>Testing voltage Range:<\/strong>500 V \/ 1000 V \/ 1500 V \/ 2500 V<\/li>\n<li>\n<strong>Accuracy:<\/strong>0 ~ 20%<\/li>\n<li>\n<strong>DC voltage:<\/strong>Range 600 V<\/li>\n<li>\n<strong>Accuracy<\/strong> :\u00b1(2%+5)<\/li>\n<li>\n<strong>AC voltag<\/strong>e:Range 600 V<\/li>\n<li>\n<strong>Accuracy<\/strong> \u00b1(2%+5)<\/li>\n<li>\n<strong>Power:1<\/strong>.5 V alkaline battery (LR14) (8 pcs.)<\/li>\n<li>\n<strong>Dimensions<\/strong> :(H \u00d7 W \u00d7 D), mm 202 \u00d7 155 \u00d7 94<\/li>\n<li>\n<strong>Weight<\/strong>, kg:1.8 kg<\/li>\n<\/ul>\n<h4>Package Include:<br \/>\n<\/h4>\n<p>1 x Insolation Tester UNI-T UT512 in Pakistan<\/p>\n<p><a href=\"https:\/\/industryparts.pk\/\" title=\"https:\/\/industryparts.pk\/\"><strong>Industryparts.pk<\/strong><\/a>\u00a0Best Online Shopping website for LT4 Foot Switch Pedal 10A 220V-380V AC. Here you get LT4 Foot Switch Pedal 10A 220V-380V AC at a reasonable price in Karachi, Lahore, Islamabad, Rawalpindi, Peshawar, Quetta, Multan, and all over Pakistan<\/p>\n<p><img decoding=\"async\" alt=\"\" src=\"https:\/\/cdn.shopify.com\/s\/files\/1\/0387\/8082\/9836\/products\/InsolationTesterUNI-TUT512inPakistan_fb80de00-07c7-4df7-a795-531e7edd195b_480x480.jpg?v=1651178018\"><img decoding=\"async\" src=\"https:\/\/cdn.shopify.com\/s\/files\/1\/0387\/8082\/9836\/files\/InsolationTesterUNI-TUT512inPakistan_480x480.jpg?v=1651178045\" alt=\"\" data-mce-fragment=\"1\" data-mce-src=\"https:\/\/cdn.shopify.com\/s\/files\/1\/0387\/8082\/9836\/files\/InsolationTesterUNI-TUT512inPakistan_480x480.jpg?v=1651178045\"><\/p>\n","protected":false},"excerpt":{"rendered":"<p>UNI-T UT512 is\u00a0an insulation tester\u00a0that is designed to measure the insulation resistance in the range from 0.5 M\u03a9 to 100 000 M\u03a9 with a test voltage of 500 to 2500 V. Features: Large 9999 display with 30-segment analog bar graph. PI\/DAR measurements. Comparison, upper and lower limit functions. Continuous measurement mode. Auto power off. 18-group [&hellip;]<\/p>\n","protected":false},"featured_media":11,"comment_status":"open","ping_status":"closed","template":"","meta":[],"product_cat":[36465,36466,36473,36477,36454],"product_tag":[30742,71,3079,30743],"_links":{"self":[{"href":"https:\/\/backup.industryparts.pk\/index.php\/wp-json\/wp\/v3\/product\/9222"}],"collection":[{"href":"https:\/\/backup.industryparts.pk\/index.php\/wp-json\/wp\/v3\/product"}],"about":[{"href":"https:\/\/backup.industryparts.pk\/index.php\/wp-json\/wp\/v2\/types\/product"}],"replies":[{"embeddable":true,"href":"https:\/\/backup.industryparts.pk\/index.php\/wp-json\/wp\/v2\/comments?post=9222"}],"wp:featuredmedia":[{"embeddable":true,"href":"https:\/\/backup.industryparts.pk\/index.php\/wp-json\/wp\/v2\/media\/11"}],"wp:attachment":[{"href":"https:\/\/backup.industryparts.pk\/index.php\/wp-json\/wp\/v2\/media?parent=9222"}],"wp:term":[{"taxonomy":"product_cat","embeddable":true,"href":"https:\/\/backup.industryparts.pk\/index.php\/wp-json\/wp\/v2\/product_cat?post=9222"},{"taxonomy":"product_tag","embeddable":true,"href":"https:\/\/backup.industryparts.pk\/index.php\/wp-json\/wp\/v2\/product_tag?post=9222"}],"curies":[{"name":"wp","href":"https:\/\/api.w.org\/{rel}","templated":true}]}}